{"id":615,"date":"2018-06-13T13:00:45","date_gmt":"2018-06-13T13:00:45","guid":{"rendered":"http:\/\/www.cims4you.com\/wordpress\/?page_id=615"},"modified":"2018-06-18T11:03:14","modified_gmt":"2018-06-18T11:03:14","slug":"impressum","status":"publish","type":"page","link":"https:\/\/cims4you.com\/wordpress\/impressum\/","title":{"rendered":"Impressum"},"content":{"rendered":"<section class=\"wpb-content-wrapper\">[vc_row][vc_column][vc_column_text]\n<h3>IMPRESSUM<\/h3>\n<p>Information gem\u00e4\u00df \u00a7 5 E-Commerce-Gesetz und Offenlegung gem\u00e4\u00df \u00a7 25 Mediengesetz:<\/p>\n<p><strong>CONTRACT Controlling &amp; Business Solutions &#8211; Angerer KG<\/strong><br \/>\nReininghausstra\u00dfe 13a, 8020 Graz (\u00d6sterreich)<\/p>\n<p>&nbsp;<\/p>\n<table border=\"0\" width=\"100%\">\n<tbody>\n<tr>\n<td width=\"15%\"><strong>Gesch\u00e4ftsf\u00fchrung:<\/strong><\/td>\n<td width=\"84%\">Mag. Florian Angerer<\/td>\n<\/tr>\n<tr>\n<td><strong>Telefon:<\/strong><\/td>\n<td>+43 (316) 677 200-0<\/td>\n<\/tr>\n<tr>\n<td><strong>Fax:<\/strong><\/td>\n<td>+43 (316) 677 200-301<\/td>\n<\/tr>\n<tr>\n<td><strong>E-Mail:<\/strong><\/td>\n<td><a href=\"mailto:office@contract.at\">office@contract.at<\/a><\/td>\n<\/tr>\n<tr>\n<td><strong>Firmenbuchnummer:<\/strong><\/td>\n<td>192508a<\/td>\n<\/tr>\n<tr>\n<td><strong>UID:<\/strong><\/td>\n<td>ATU49161008<\/td>\n<\/tr>\n<tr>\n<td><strong>Gerichtsstand:<\/strong><\/td>\n<td>Landesgericht Graz<\/td>\n<\/tr>\n<\/tbody>\n<\/table>\n<h4><a href=\"https:\/\/firmen.wko.at\/Web\/DetailsKontakt.aspx?FirmaID=aaf400b1-606a-469a-9752-0a5240586aea&amp;StandortID=0&amp;Suchbegriff=Contract+Controlling&amp;Page=1\"><br \/>\nInformationspflicht lt. E.Commerce-Gesetz (ECG)<\/a><\/h4>\n[\/vc_column_text][vc_column_text]\n<table border=\"0\" width=\"100%\">\n<tbody>\n<tr>\n<td width=\"15%\"><strong>Copyright:<\/strong><\/td>\n<td style=\"text-align: justify;\" width=\"84%\">Der gesamte Inhalt dieser Website ist urheberrechtlich gesch\u00fctzt. Das Sichten und Herunterladen ist nur zu privatem und nichtkommerziellem Gebrauch gestattet. Eine Verwendung f\u00fcr kommerzielle Zwecke bedarf der ausdr\u00fccklichen und schriftlichen Genehmigung von CONTRACT Controlling &amp; Business Solutions &#8211; Angerer KG. Voraussetzung hierf\u00fcr ist, dass bei allen Kopien auf die Urheber- und Eigentumsrechte der urspr\u00fcnglichen Inhalte hingewiesen wird.<\/td>\n<\/tr>\n<tr>\n<td><strong>Links:<\/strong><\/td>\n<td style=\"text-align: justify;\">Mit dieser Website verlinkte Internetseiten werden von uns nicht \u00fcberpr\u00fcft. Wir haben keinerlei Einfluss auf die Gestaltung und den Inhalt der gelinkten Seiten. Trotz sorgf\u00e4ltiger inhaltlicher Kontrolle \u00fcbernehmen wir keine Haftung f\u00fcr die Inhalte externer Links. F\u00fcr den Inhalt der verlinkten Seiten sind ausschlie\u00dflich deren Betreiber verantwortlich. Das gilt f\u00fcr alle auf dieser Website angezeigten Links und f\u00fcr alle Inhalte der Seiten, zu denen diese Links und Banner f\u00fchren.<\/td>\n<\/tr>\n<tr>\n<td><strong>Inhalt:<\/strong><\/td>\n<td style=\"text-align: justify;\">Die Inhalte dieser Website werden von uns unter Ausschluss jeglicher Gew\u00e4hrleistung zur Verf\u00fcgung gestellt. F\u00fcr die Richtigkeit, Aktualit\u00e4t und Vollst\u00e4ndigkeit wird keine Gew\u00e4hr \u00fcbernommen. Irrt\u00fcmer, \u00c4nderungen, Schreibfehler etc. sind vorbehalten. Wir behalten uns das Recht vor, \u00c4nderungen und Verbesserungen am Inhalt dieser Website jederzeit und ohne Vorank\u00fcndigung vorzunehmen. Zur Aktualisierung des Inhalts dieser Website besteht keine Verpflichtung.<\/td>\n<\/tr>\n<\/tbody>\n<\/table>\n[\/vc_column_text][\/vc_column][\/vc_row]\n<\/section>","protected":false},"excerpt":{"rendered":"<p>[vc_row][vc_column][vc_column_text] IMPRESSUM Information gem\u00e4\u00df \u00a7 5 E-Commerce-Gesetz und Offenlegung gem\u00e4\u00df \u00a7 25 Mediengesetz: CONTRACT Controlling<a class=\"read-more\" href=\"https:\/\/cims4you.com\/wordpress\/impressum\/\">&#8230;<\/a><\/p>\n","protected":false},"author":2,"featured_media":0,"parent":0,"menu_order":0,"comment_status":"closed","ping_status":"closed","template":"","meta":{"footnotes":""},"class_list":["post-615","page","type-page","status-publish","hentry"],"yoast_head":"<!-- This site is optimized with the Yoast SEO plugin v27.4 - https:\/\/yoast.com\/product\/yoast-seo-wordpress\/ -->\n<title>Impressum &#8226; Cims4You<\/title>\n<meta name=\"robots\" content=\"index, follow, max-snippet:-1, max-image-preview:large, max-video-preview:-1\" \/>\n<link rel=\"canonical\" href=\"https:\/\/cims4you.com\/wordpress\/impressum\/\" \/>\n<meta property=\"og:locale\" content=\"de_DE\" \/>\n<meta property=\"og:type\" content=\"article\" \/>\n<meta property=\"og:title\" content=\"Impressum &#8226; Cims4You\" \/>\n<meta property=\"og:description\" content=\"[vc_row][vc_column][vc_column_text] IMPRESSUM Information gem\u00e4\u00df \u00a7 5 E-Commerce-Gesetz und Offenlegung gem\u00e4\u00df \u00a7 25 Mediengesetz: CONTRACT Controlling...\" \/>\n<meta property=\"og:url\" content=\"https:\/\/cims4you.com\/wordpress\/impressum\/\" \/>\n<meta property=\"og:site_name\" content=\"Cims4You\" \/>\n<meta property=\"article:modified_time\" content=\"2018-06-18T11:03:14+00:00\" \/>\n<meta name=\"twitter:card\" content=\"summary_large_image\" \/>\n<meta name=\"twitter:label1\" content=\"Gesch\u00e4tzte Lesezeit\" \/>\n\t<meta name=\"twitter:data1\" content=\"1\u00a0Minute\" \/>\n<script type=\"application\/ld+json\" class=\"yoast-schema-graph\">{\"@context\":\"https:\\\/\\\/schema.org\",\"@graph\":[{\"@type\":\"WebPage\",\"@id\":\"https:\\\/\\\/cims4you.com\\\/wordpress\\\/impressum\\\/\",\"url\":\"https:\\\/\\\/cims4you.com\\\/wordpress\\\/impressum\\\/\",\"name\":\"Impressum &#8226; Cims4You\",\"isPartOf\":{\"@id\":\"https:\\\/\\\/cims4you.com\\\/wordpress\\\/#website\"},\"datePublished\":\"2018-06-13T13:00:45+00:00\",\"dateModified\":\"2018-06-18T11:03:14+00:00\",\"breadcrumb\":{\"@id\":\"https:\\\/\\\/cims4you.com\\\/wordpress\\\/impressum\\\/#breadcrumb\"},\"inLanguage\":\"de\",\"potentialAction\":[{\"@type\":\"ReadAction\",\"target\":[\"https:\\\/\\\/cims4you.com\\\/wordpress\\\/impressum\\\/\"]}]},{\"@type\":\"BreadcrumbList\",\"@id\":\"https:\\\/\\\/cims4you.com\\\/wordpress\\\/impressum\\\/#breadcrumb\",\"itemListElement\":[{\"@type\":\"ListItem\",\"position\":1,\"name\":\"Startseite\",\"item\":\"https:\\\/\\\/cims4you.com\\\/wordpress\\\/\"},{\"@type\":\"ListItem\",\"position\":2,\"name\":\"Impressum\"}]},{\"@type\":\"WebSite\",\"@id\":\"https:\\\/\\\/cims4you.com\\\/wordpress\\\/#website\",\"url\":\"https:\\\/\\\/cims4you.com\\\/wordpress\\\/\",\"name\":\"CIMS4YOU\",\"description\":\"The Company Information Management System\",\"publisher\":{\"@id\":\"https:\\\/\\\/cims4you.com\\\/wordpress\\\/#organization\"},\"potentialAction\":[{\"@type\":\"SearchAction\",\"target\":{\"@type\":\"EntryPoint\",\"urlTemplate\":\"https:\\\/\\\/cims4you.com\\\/wordpress\\\/?s={search_term_string}\"},\"query-input\":{\"@type\":\"PropertyValueSpecification\",\"valueRequired\":true,\"valueName\":\"search_term_string\"}}],\"inLanguage\":\"de\"},{\"@type\":\"Organization\",\"@id\":\"https:\\\/\\\/cims4you.com\\\/wordpress\\\/#organization\",\"name\":\"CONTRACT Controlling & Business Solutions \u2013 Angerer KG\",\"url\":\"https:\\\/\\\/cims4you.com\\\/wordpress\\\/\",\"logo\":{\"@type\":\"ImageObject\",\"inLanguage\":\"de\",\"@id\":\"https:\\\/\\\/cims4you.com\\\/wordpress\\\/#\\\/schema\\\/logo\\\/image\\\/\",\"url\":\"https:\\\/\\\/www.cims4you.com\\\/wordpress\\\/wp-content\\\/uploads\\\/2018\\\/06\\\/logo-group-350-2.jpg\",\"contentUrl\":\"https:\\\/\\\/www.cims4you.com\\\/wordpress\\\/wp-content\\\/uploads\\\/2018\\\/06\\\/logo-group-350-2.jpg\",\"width\":350,\"height\":69,\"caption\":\"CONTRACT Controlling & Business Solutions \u2013 Angerer KG\"},\"image\":{\"@id\":\"https:\\\/\\\/cims4you.com\\\/wordpress\\\/#\\\/schema\\\/logo\\\/image\\\/\"}}]}<\/script>\n<!-- \/ Yoast SEO plugin. -->","yoast_head_json":{"title":"Impressum &#8226; Cims4You","robots":{"index":"index","follow":"follow","max-snippet":"max-snippet:-1","max-image-preview":"max-image-preview:large","max-video-preview":"max-video-preview:-1"},"canonical":"https:\/\/cims4you.com\/wordpress\/impressum\/","og_locale":"de_DE","og_type":"article","og_title":"Impressum &#8226; Cims4You","og_description":"[vc_row][vc_column][vc_column_text] IMPRESSUM Information gem\u00e4\u00df \u00a7 5 E-Commerce-Gesetz und Offenlegung gem\u00e4\u00df \u00a7 25 Mediengesetz: CONTRACT Controlling...","og_url":"https:\/\/cims4you.com\/wordpress\/impressum\/","og_site_name":"Cims4You","article_modified_time":"2018-06-18T11:03:14+00:00","twitter_card":"summary_large_image","twitter_misc":{"Gesch\u00e4tzte Lesezeit":"1\u00a0Minute"},"schema":{"@context":"https:\/\/schema.org","@graph":[{"@type":"WebPage","@id":"https:\/\/cims4you.com\/wordpress\/impressum\/","url":"https:\/\/cims4you.com\/wordpress\/impressum\/","name":"Impressum &#8226; Cims4You","isPartOf":{"@id":"https:\/\/cims4you.com\/wordpress\/#website"},"datePublished":"2018-06-13T13:00:45+00:00","dateModified":"2018-06-18T11:03:14+00:00","breadcrumb":{"@id":"https:\/\/cims4you.com\/wordpress\/impressum\/#breadcrumb"},"inLanguage":"de","potentialAction":[{"@type":"ReadAction","target":["https:\/\/cims4you.com\/wordpress\/impressum\/"]}]},{"@type":"BreadcrumbList","@id":"https:\/\/cims4you.com\/wordpress\/impressum\/#breadcrumb","itemListElement":[{"@type":"ListItem","position":1,"name":"Startseite","item":"https:\/\/cims4you.com\/wordpress\/"},{"@type":"ListItem","position":2,"name":"Impressum"}]},{"@type":"WebSite","@id":"https:\/\/cims4you.com\/wordpress\/#website","url":"https:\/\/cims4you.com\/wordpress\/","name":"CIMS4YOU","description":"The Company Information Management System","publisher":{"@id":"https:\/\/cims4you.com\/wordpress\/#organization"},"potentialAction":[{"@type":"SearchAction","target":{"@type":"EntryPoint","urlTemplate":"https:\/\/cims4you.com\/wordpress\/?s={search_term_string}"},"query-input":{"@type":"PropertyValueSpecification","valueRequired":true,"valueName":"search_term_string"}}],"inLanguage":"de"},{"@type":"Organization","@id":"https:\/\/cims4you.com\/wordpress\/#organization","name":"CONTRACT Controlling & Business Solutions \u2013 Angerer KG","url":"https:\/\/cims4you.com\/wordpress\/","logo":{"@type":"ImageObject","inLanguage":"de","@id":"https:\/\/cims4you.com\/wordpress\/#\/schema\/logo\/image\/","url":"https:\/\/www.cims4you.com\/wordpress\/wp-content\/uploads\/2018\/06\/logo-group-350-2.jpg","contentUrl":"https:\/\/www.cims4you.com\/wordpress\/wp-content\/uploads\/2018\/06\/logo-group-350-2.jpg","width":350,"height":69,"caption":"CONTRACT Controlling & Business Solutions \u2013 Angerer KG"},"image":{"@id":"https:\/\/cims4you.com\/wordpress\/#\/schema\/logo\/image\/"}}]}},"_links":{"self":[{"href":"https:\/\/cims4you.com\/wordpress\/wp-json\/wp\/v2\/pages\/615","targetHints":{"allow":["GET"]}}],"collection":[{"href":"https:\/\/cims4you.com\/wordpress\/wp-json\/wp\/v2\/pages"}],"about":[{"href":"https:\/\/cims4you.com\/wordpress\/wp-json\/wp\/v2\/types\/page"}],"author":[{"embeddable":true,"href":"https:\/\/cims4you.com\/wordpress\/wp-json\/wp\/v2\/users\/2"}],"replies":[{"embeddable":true,"href":"https:\/\/cims4you.com\/wordpress\/wp-json\/wp\/v2\/comments?post=615"}],"version-history":[{"count":4,"href":"https:\/\/cims4you.com\/wordpress\/wp-json\/wp\/v2\/pages\/615\/revisions"}],"predecessor-version":[{"id":617,"href":"https:\/\/cims4you.com\/wordpress\/wp-json\/wp\/v2\/pages\/615\/revisions\/617"}],"wp:attachment":[{"href":"https:\/\/cims4you.com\/wordpress\/wp-json\/wp\/v2\/media?parent=615"}],"curies":[{"name":"wp","href":"https:\/\/api.w.org\/{rel}","templated":true}]}}